{"id":50,"date":"2022-12-09T20:49:47","date_gmt":"2022-12-09T20:49:47","guid":{"rendered":"https:\/\/jessicacrespointeriorismo.com\/?page_id=50"},"modified":"2023-02-07T18:20:07","modified_gmt":"2023-02-07T18:20:07","slug":"servicios","status":"publish","type":"page","link":"https:\/\/jessicacrespointeriorismo.com\/index.php\/servicios\/","title":{"rendered":"SERVICIOS"},"content":{"rendered":"\t\t<div data-elementor-type=\"wp-page\" data-elementor-id=\"50\" class=\"elementor elementor-50\">\n\t\t\t\t\t\t\t\t\t<section class=\"elementor-section elementor-top-section elementor-element elementor-element-bb1ff19 elementor-section-stretched elementor-section-boxed elementor-section-height-default elementor-section-height-default\" data-id=\"bb1ff19\" data-element_type=\"section\" data-settings=\"{&quot;stretch_section&quot;:&quot;section-stretched&quot;}\">\n\t\t\t\t\t\t<div class=\"elementor-container elementor-column-gap-default\">\n\t\t\t\t\t<div class=\"elementor-column elementor-col-33 elementor-top-column elementor-element elementor-element-3a1424e\" data-id=\"3a1424e\" data-element_type=\"column\">\n\t\t\t<div class=\"elementor-widget-wrap elementor-element-populated\">\n\t\t\t\t\t\t\t\t<div class=\"elementor-element elementor-element-a721696 elementor-widget elementor-widget-image\" data-id=\"a721696\" data-element_type=\"widget\" data-widget_type=\"image.default\">\n\t\t\t\t<div class=\"elementor-widget-container\">\n\t\t\t<style>\/*! elementor - v3.18.0 - 08-12-2023 *\/\n.elementor-widget-image{text-align:center}.elementor-widget-image a{display:inline-block}.elementor-widget-image a img[src$=\".svg\"]{width:48px}.elementor-widget-image img{vertical-align:middle;display:inline-block}<\/style>\t\t\t\t\t\t\t\t\t<figure class=\"wp-caption\">\n\t\t\t\t\t\t\t\t\t\t<img fetchpriority=\"high\" decoding=\"async\" width=\"1024\" height=\"871\" src=\"https:\/\/jessicacrespointeriorismo.com\/wp-content\/uploads\/2022\/12\/ITEMS-SERVICIOS-copia-n-1024x871.png\" class=\"attachment-large size-large wp-image-256\" alt=\"\" srcset=\"https:\/\/jessicacrespointeriorismo.com\/wp-content\/uploads\/2022\/12\/ITEMS-SERVICIOS-copia-n-1024x871.png 1024w, https:\/\/jessicacrespointeriorismo.com\/wp-content\/uploads\/2022\/12\/ITEMS-SERVICIOS-copia-n-300x255.png 300w, https:\/\/jessicacrespointeriorismo.com\/wp-content\/uploads\/2022\/12\/ITEMS-SERVICIOS-copia-n-768x654.png 768w, https:\/\/jessicacrespointeriorismo.com\/wp-content\/uploads\/2022\/12\/ITEMS-SERVICIOS-copia-n-900x766.png 900w, https:\/\/jessicacrespointeriorismo.com\/wp-content\/uploads\/2022\/12\/ITEMS-SERVICIOS-copia-n-500x426.png 500w, https:\/\/jessicacrespointeriorismo.com\/wp-content\/uploads\/2022\/12\/ITEMS-SERVICIOS-copia-n.png 1490w\" sizes=\"(max-width: 1024px) 100vw, 1024px\" \/>\t\t\t\t\t\t\t\t\t\t\t<figcaption class=\"widget-image-caption wp-caption-text\">HOME STAGING<\/figcaption>\n\t\t\t\t\t\t\t\t\t\t<\/figure>\n\t\t\t\t\t\t\t\t\t<\/div>\n\t\t\t\t<\/div>\n\t\t\t\t<div class=\"elementor-element elementor-element-19e8eb7 elementor-widget elementor-widget-text-editor\" data-id=\"19e8eb7\" data-element_type=\"widget\" data-widget_type=\"text-editor.default\">\n\t\t\t\t<div class=\"elementor-widget-container\">\n\t\t\t<style>\/*! elementor - v3.18.0 - 08-12-2023 *\/\n.elementor-widget-text-editor.elementor-drop-cap-view-stacked .elementor-drop-cap{background-color:#69727d;color:#fff}.elementor-widget-text-editor.elementor-drop-cap-view-framed .elementor-drop-cap{color:#69727d;border:3px solid;background-color:transparent}.elementor-widget-text-editor:not(.elementor-drop-cap-view-default) .elementor-drop-cap{margin-top:8px}.elementor-widget-text-editor:not(.elementor-drop-cap-view-default) .elementor-drop-cap-letter{width:1em;height:1em}.elementor-widget-text-editor .elementor-drop-cap{float:left;text-align:center;line-height:1;font-size:50px}.elementor-widget-text-editor .elementor-drop-cap-letter{display:inline-block}<\/style>\t\t\t\t<p style=\"text-align: center;\"><span class=\"collapseomatic \" id=\"id69e53706f2dd1\"  tabindex=\"0\" title=\"VER M\u00c1S\"    >VER M\u00c1S<\/span><div id=\"target-id69e53706f2dd1\" class=\"collapseomatic_content \"><\/p><p><span style=\"color: #bbb3b3; font-family: Roboto, sans-serif; letter-spacing: -0.1px; text-align: center;\">Destaca tu vivienda del resto para agilizar su venta o alquiler Haremos tu vivienda m\u00e1s atractiva para revalorizarla y potenciaremos sus puntos fuertes. Existen varias formas:<\/span><\/p><p><span style=\"font-weight: normal;\"><span style=\"color: #bbb3b3; font-family: Roboto, sans-serif; letter-spacing: -0.1px; text-align: center;\">-PLANOS de estado actual y estado reformado<br \/><\/span><\/span><span style=\"font-weight: normal;\"><span style=\"color: #bbb3b3; font-family: Roboto, sans-serif; letter-spacing: -0.1px; text-align: center;\">-IM\u00c1GENES 3D de c\u00f3mo podr\u00eda ser el espacio<br \/><\/span><\/span><span style=\"font-weight: normal;\"><span style=\"color: #bbb3b3; font-family: Roboto, sans-serif; letter-spacing: -0.1px; text-align: center;\">-ACTUALIZACI\u00d3N sin obra, un lavado de cara<\/span><\/span><\/p><h6><\/div><\/h6>\t\t\t\t\t\t<\/div>\n\t\t\t\t<\/div>\n\t\t\t\t\t<\/div>\n\t\t<\/div>\n\t\t\t\t<div class=\"elementor-column elementor-col-33 elementor-top-column elementor-element elementor-element-721b15e\" data-id=\"721b15e\" data-element_type=\"column\">\n\t\t\t<div class=\"elementor-widget-wrap elementor-element-populated\">\n\t\t\t\t\t\t\t\t<div class=\"elementor-element elementor-element-44fd37f elementor-widget elementor-widget-image\" data-id=\"44fd37f\" data-element_type=\"widget\" data-widget_type=\"image.default\">\n\t\t\t\t<div class=\"elementor-widget-container\">\n\t\t\t\t\t\t\t\t\t\t\t\t<figure class=\"wp-caption\">\n\t\t\t\t\t\t\t\t\t\t<img decoding=\"async\" width=\"1024\" height=\"871\" src=\"https:\/\/jessicacrespointeriorismo.com\/wp-content\/uploads\/2022\/12\/3-DECO-1024x871.png\" class=\"attachment-large size-large wp-image-221\" alt=\"\" srcset=\"https:\/\/jessicacrespointeriorismo.com\/wp-content\/uploads\/2022\/12\/3-DECO-1024x871.png 1024w, https:\/\/jessicacrespointeriorismo.com\/wp-content\/uploads\/2022\/12\/3-DECO-300x255.png 300w, https:\/\/jessicacrespointeriorismo.com\/wp-content\/uploads\/2022\/12\/3-DECO-768x654.png 768w, https:\/\/jessicacrespointeriorismo.com\/wp-content\/uploads\/2022\/12\/3-DECO-900x766.png 900w, https:\/\/jessicacrespointeriorismo.com\/wp-content\/uploads\/2022\/12\/3-DECO-500x426.png 500w, https:\/\/jessicacrespointeriorismo.com\/wp-content\/uploads\/2022\/12\/3-DECO.png 1490w\" sizes=\"(max-width: 1024px) 100vw, 1024px\" \/>\t\t\t\t\t\t\t\t\t\t\t<figcaption class=\"widget-image-caption wp-caption-text\">DECORACI\u00d3N<\/figcaption>\n\t\t\t\t\t\t\t\t\t\t<\/figure>\n\t\t\t\t\t\t\t\t\t<\/div>\n\t\t\t\t<\/div>\n\t\t\t\t<div class=\"elementor-element elementor-element-391a234 elementor-widget elementor-widget-text-editor\" data-id=\"391a234\" data-element_type=\"widget\" data-widget_type=\"text-editor.default\">\n\t\t\t\t<div class=\"elementor-widget-container\">\n\t\t\t\t\t\t\t<p style=\"text-align: center;\"><span class=\"collapseomatic \" id=\"id69e5370700a2a\"  tabindex=\"0\" title=\"VER M\u00c1S\"    >VER M\u00c1S<\/span><div id=\"target-id69e5370700a2a\" class=\"collapseomatic_content \"><\/p><p style=\"text-align: center;\"><span style=\"color: #bbb3b3; font-family: Roboto, sans-serif; letter-spacing: -0.1px; text-align: center;\">Renueva el espacio que quieras escogiendo el mobiliario correcto. Nos adaptaremos a tus necesidades y gustos siempre buscando que sea funcional y pr\u00e1ctico.<\/span><\/p><p style=\"text-align: center;\"><span style=\"color: #bbb3b3; font-family: Roboto, sans-serif; letter-spacing: -0.1px; text-align: center;\">Hazlo t\u00fa mismo\/a con mi ayuda. Convertiremos tu espacio en lo que siempre quisiste.<\/span><\/p><h6><\/div><\/h6>\t\t\t\t\t\t<\/div>\n\t\t\t\t<\/div>\n\t\t\t\t\t<\/div>\n\t\t<\/div>\n\t\t\t\t<div class=\"elementor-column elementor-col-33 elementor-top-column elementor-element elementor-element-d54f117\" data-id=\"d54f117\" data-element_type=\"column\">\n\t\t\t<div class=\"elementor-widget-wrap elementor-element-populated\">\n\t\t\t\t\t\t\t\t<div class=\"elementor-element elementor-element-d73d12b elementor-widget elementor-widget-image\" data-id=\"d73d12b\" data-element_type=\"widget\" data-widget_type=\"image.default\">\n\t\t\t\t<div class=\"elementor-widget-container\">\n\t\t\t\t\t\t\t\t\t\t\t\t<figure class=\"wp-caption\">\n\t\t\t\t\t\t\t\t\t\t<img decoding=\"async\" width=\"1024\" height=\"871\" src=\"https:\/\/jessicacrespointeriorismo.com\/wp-content\/uploads\/2022\/12\/ITEMS-SERVICIOS-copia-az-1024x871.png\" class=\"attachment-large size-large wp-image-442\" alt=\"\" srcset=\"https:\/\/jessicacrespointeriorismo.com\/wp-content\/uploads\/2022\/12\/ITEMS-SERVICIOS-copia-az-1024x871.png 1024w, https:\/\/jessicacrespointeriorismo.com\/wp-content\/uploads\/2022\/12\/ITEMS-SERVICIOS-copia-az-300x255.png 300w, https:\/\/jessicacrespointeriorismo.com\/wp-content\/uploads\/2022\/12\/ITEMS-SERVICIOS-copia-az-768x653.png 768w, https:\/\/jessicacrespointeriorismo.com\/wp-content\/uploads\/2022\/12\/ITEMS-SERVICIOS-copia-az-900x765.png 900w, https:\/\/jessicacrespointeriorismo.com\/wp-content\/uploads\/2022\/12\/ITEMS-SERVICIOS-copia-az-500x425.png 500w, https:\/\/jessicacrespointeriorismo.com\/wp-content\/uploads\/2022\/12\/ITEMS-SERVICIOS-copia-az.png 1491w\" sizes=\"(max-width: 1024px) 100vw, 1024px\" \/>\t\t\t\t\t\t\t\t\t\t\t<figcaption class=\"widget-image-caption wp-caption-text\">VISUAL. ARQUITECT\u00d3NICA<\/figcaption>\n\t\t\t\t\t\t\t\t\t\t<\/figure>\n\t\t\t\t\t\t\t\t\t<\/div>\n\t\t\t\t<\/div>\n\t\t\t\t<div class=\"elementor-element elementor-element-be27647 elementor-widget elementor-widget-text-editor\" data-id=\"be27647\" data-element_type=\"widget\" data-widget_type=\"text-editor.default\">\n\t\t\t\t<div class=\"elementor-widget-container\">\n\t\t\t\t\t\t\t<p style=\"text-align: center;\"><span class=\"collapseomatic \" id=\"id69e53707019e9\"  tabindex=\"0\" title=\"VER M\u00c1S\"    >VER M\u00c1S<\/span><div id=\"target-id69e53707019e9\" class=\"collapseomatic_content \"><\/p><p style=\"text-align: center;\"><span style=\"color: #bbb3b3; font-family: Roboto, sans-serif; letter-spacing: -0.1px; text-align: center;\">Im\u00e1genes realistas en 3D para poder ver el resultado de una obra antes de construirla.\u00a0<\/span><\/p><p style=\"text-align: center;\"><span style=\"color: #bbb3b3; font-family: Roboto, sans-serif; letter-spacing: -0.1px; text-align: center;\"> Representaci\u00f3n de cualquier tipo de espacio tanto para proyectos de decoraci\u00f3n, interiorismo o home staging con acabados, texturas y mobiliario fotorealista.<\/span><\/p><h6><\/div><\/h6>\t\t\t\t\t\t<\/div>\n\t\t\t\t<\/div>\n\t\t\t\t\t<\/div>\n\t\t<\/div>\n\t\t\t\t\t\t\t<\/div>\n\t\t<\/section>\n\t\t\t\t<section class=\"elementor-section elementor-top-section elementor-element elementor-element-14cce3b elementor-section-stretched elementor-section-boxed elementor-section-height-default elementor-section-height-default\" data-id=\"14cce3b\" data-element_type=\"section\" data-settings=\"{&quot;stretch_section&quot;:&quot;section-stretched&quot;}\">\n\t\t\t\t\t\t<div class=\"elementor-container elementor-column-gap-extended\">\n\t\t\t\t\t<div class=\"elementor-column elementor-col-33 elementor-top-column elementor-element elementor-element-c6150ef\" data-id=\"c6150ef\" data-element_type=\"column\">\n\t\t\t<div class=\"elementor-widget-wrap elementor-element-populated\">\n\t\t\t\t\t\t\t\t<div class=\"elementor-element elementor-element-484f3f3 elementor-widget elementor-widget-image\" data-id=\"484f3f3\" data-element_type=\"widget\" data-widget_type=\"image.default\">\n\t\t\t\t<div class=\"elementor-widget-container\">\n\t\t\t\t\t\t\t\t\t\t\t\t<figure class=\"wp-caption\">\n\t\t\t\t\t\t\t\t\t\t<img loading=\"lazy\" decoding=\"async\" width=\"1024\" height=\"871\" src=\"https:\/\/jessicacrespointeriorismo.com\/wp-content\/uploads\/2022\/12\/5-DECO-1024x871.png\" class=\"attachment-large size-large wp-image-227\" alt=\"\" srcset=\"https:\/\/jessicacrespointeriorismo.com\/wp-content\/uploads\/2022\/12\/5-DECO-1024x871.png 1024w, https:\/\/jessicacrespointeriorismo.com\/wp-content\/uploads\/2022\/12\/5-DECO-300x255.png 300w, https:\/\/jessicacrespointeriorismo.com\/wp-content\/uploads\/2022\/12\/5-DECO-768x654.png 768w, https:\/\/jessicacrespointeriorismo.com\/wp-content\/uploads\/2022\/12\/5-DECO-900x766.png 900w, https:\/\/jessicacrespointeriorismo.com\/wp-content\/uploads\/2022\/12\/5-DECO-500x426.png 500w, https:\/\/jessicacrespointeriorismo.com\/wp-content\/uploads\/2022\/12\/5-DECO.png 1490w\" sizes=\"(max-width: 1024px) 100vw, 1024px\" \/>\t\t\t\t\t\t\t\t\t\t\t<figcaption class=\"widget-image-caption wp-caption-text\">INTERIORISMO<\/figcaption>\n\t\t\t\t\t\t\t\t\t\t<\/figure>\n\t\t\t\t\t\t\t\t\t<\/div>\n\t\t\t\t<\/div>\n\t\t\t\t<div class=\"elementor-element elementor-element-73d221f elementor-widget elementor-widget-text-editor\" data-id=\"73d221f\" data-element_type=\"widget\" data-widget_type=\"text-editor.default\">\n\t\t\t\t<div class=\"elementor-widget-container\">\n\t\t\t\t\t\t\t<p style=\"text-align: center;\"><span class=\"collapseomatic \" id=\"id69e537070417b\"  tabindex=\"0\" title=\"VER M\u00c1S\"    >VER M\u00c1S<\/span><div id=\"target-id69e537070417b\" class=\"collapseomatic_content \"><\/p><p style=\"text-align: center;\"><span style=\"color: #bbb3b3; font-family: Roboto, sans-serif; letter-spacing: -0.1px; text-align: center;\">S\u00e1cale el mayor partido a tu espacio acercando su dise\u00f1o y proporciones seg\u00fan tus necesidades.<\/span><\/p><p style=\"text-align: center;\"><span style=\"color: #bbb3b3; font-family: Roboto, sans-serif; letter-spacing: -0.1px; text-align: center;\">Trabajaremos como base su distribuci\u00f3n y si lo necesitas revisaremos tambi\u00e9n los materiales, colores, mobiliario a medida, iluminaci\u00f3n y\/u otros detalles importantes.<\/span><\/p><h6><\/div><\/h6>\t\t\t\t\t\t<\/div>\n\t\t\t\t<\/div>\n\t\t\t\t\t<\/div>\n\t\t<\/div>\n\t\t\t\t<div class=\"elementor-column elementor-col-33 elementor-top-column elementor-element elementor-element-10c3452\" data-id=\"10c3452\" data-element_type=\"column\">\n\t\t\t<div class=\"elementor-widget-wrap elementor-element-populated\">\n\t\t\t\t\t\t\t\t<div class=\"elementor-element elementor-element-124ab79 elementor-widget elementor-widget-image\" data-id=\"124ab79\" data-element_type=\"widget\" data-widget_type=\"image.default\">\n\t\t\t\t<div class=\"elementor-widget-container\">\n\t\t\t\t\t\t\t\t\t\t\t\t<figure class=\"wp-caption\">\n\t\t\t\t\t\t\t\t\t\t<img loading=\"lazy\" decoding=\"async\" width=\"1024\" height=\"871\" src=\"https:\/\/jessicacrespointeriorismo.com\/wp-content\/uploads\/2022\/12\/ITEMS-SERVICIOS-copia-az-2-1024x871.png\" class=\"attachment-large size-large wp-image-443\" alt=\"\" srcset=\"https:\/\/jessicacrespointeriorismo.com\/wp-content\/uploads\/2022\/12\/ITEMS-SERVICIOS-copia-az-2-1024x871.png 1024w, https:\/\/jessicacrespointeriorismo.com\/wp-content\/uploads\/2022\/12\/ITEMS-SERVICIOS-copia-az-2-300x255.png 300w, https:\/\/jessicacrespointeriorismo.com\/wp-content\/uploads\/2022\/12\/ITEMS-SERVICIOS-copia-az-2-768x653.png 768w, https:\/\/jessicacrespointeriorismo.com\/wp-content\/uploads\/2022\/12\/ITEMS-SERVICIOS-copia-az-2-900x765.png 900w, https:\/\/jessicacrespointeriorismo.com\/wp-content\/uploads\/2022\/12\/ITEMS-SERVICIOS-copia-az-2-500x425.png 500w, https:\/\/jessicacrespointeriorismo.com\/wp-content\/uploads\/2022\/12\/ITEMS-SERVICIOS-copia-az-2.png 1491w\" sizes=\"(max-width: 1024px) 100vw, 1024px\" \/>\t\t\t\t\t\t\t\t\t\t\t<figcaption class=\"widget-image-caption wp-caption-text\">PROYECTO INTEGRAL<\/figcaption>\n\t\t\t\t\t\t\t\t\t\t<\/figure>\n\t\t\t\t\t\t\t\t\t<\/div>\n\t\t\t\t<\/div>\n\t\t\t\t<div class=\"elementor-element elementor-element-6509fcc elementor-widget elementor-widget-text-editor\" data-id=\"6509fcc\" data-element_type=\"widget\" data-widget_type=\"text-editor.default\">\n\t\t\t\t<div class=\"elementor-widget-container\">\n\t\t\t\t\t\t\t<p><span class=\"collapseomatic \" id=\"id69e5370705306\"  tabindex=\"0\" title=\"VER M\u00c1S\"    >VER M\u00c1S<\/span><div id=\"target-id69e5370705306\" class=\"collapseomatic_content \"><\/p><p><span style=\"color: #bbb3b3; font-family: Roboto, sans-serif; letter-spacing: -0.1px; text-align: center;\">Como su propio nombre indica, realizaremos tu proyecto de principio a fin. Su dise\u00f1o, su ejecuci\u00f3n y su montaje.<\/span><\/p><p><span style=\"color: #bbb3b3; font-family: Roboto, sans-serif; letter-spacing: -0.1px; text-align: center;\">En todas las fases me encargar\u00e9 de supervisar y controlar todo mimando cada detalle. Junta\/os comentaremos cada paso estando en contacto constante.<\/span><\/p><h6><\/div><\/h6>\t\t\t\t\t\t<\/div>\n\t\t\t\t<\/div>\n\t\t\t\t\t<\/div>\n\t\t<\/div>\n\t\t\t\t<div class=\"elementor-column elementor-col-33 elementor-top-column elementor-element elementor-element-24dfb0a\" data-id=\"24dfb0a\" data-element_type=\"column\">\n\t\t\t<div class=\"elementor-widget-wrap elementor-element-populated\">\n\t\t\t\t\t\t\t\t<div class=\"elementor-element elementor-element-f617776 elementor-widget elementor-widget-image\" data-id=\"f617776\" data-element_type=\"widget\" data-widget_type=\"image.default\">\n\t\t\t\t<div class=\"elementor-widget-container\">\n\t\t\t\t\t\t\t\t\t\t\t\t<figure class=\"wp-caption\">\n\t\t\t\t\t\t\t\t\t\t<img loading=\"lazy\" decoding=\"async\" width=\"1024\" height=\"871\" src=\"https:\/\/jessicacrespointeriorismo.com\/wp-content\/uploads\/2022\/12\/ITEMS-SERVICIOS-copia223-1-1024x871.png\" class=\"attachment-large size-large wp-image-445\" alt=\"\" srcset=\"https:\/\/jessicacrespointeriorismo.com\/wp-content\/uploads\/2022\/12\/ITEMS-SERVICIOS-copia223-1-1024x871.png 1024w, https:\/\/jessicacrespointeriorismo.com\/wp-content\/uploads\/2022\/12\/ITEMS-SERVICIOS-copia223-1-300x255.png 300w, https:\/\/jessicacrespointeriorismo.com\/wp-content\/uploads\/2022\/12\/ITEMS-SERVICIOS-copia223-1-768x653.png 768w, https:\/\/jessicacrespointeriorismo.com\/wp-content\/uploads\/2022\/12\/ITEMS-SERVICIOS-copia223-1-900x765.png 900w, https:\/\/jessicacrespointeriorismo.com\/wp-content\/uploads\/2022\/12\/ITEMS-SERVICIOS-copia223-1-500x425.png 500w, https:\/\/jessicacrespointeriorismo.com\/wp-content\/uploads\/2022\/12\/ITEMS-SERVICIOS-copia223-1.png 1491w\" sizes=\"(max-width: 1024px) 100vw, 1024px\" \/>\t\t\t\t\t\t\t\t\t\t\t<figcaption class=\"widget-image-caption wp-caption-text\">A TU MEDIDA<\/figcaption>\n\t\t\t\t\t\t\t\t\t\t<\/figure>\n\t\t\t\t\t\t\t\t\t<\/div>\n\t\t\t\t<\/div>\n\t\t\t\t<div class=\"elementor-element elementor-element-11653f8 elementor-widget elementor-widget-text-editor\" data-id=\"11653f8\" data-element_type=\"widget\" data-widget_type=\"text-editor.default\">\n\t\t\t\t<div class=\"elementor-widget-container\">\n\t\t\t\t\t\t\t<p style=\"text-align: center;\"><span class=\"collapseomatic \" id=\"id69e53707065bc\"  tabindex=\"0\" title=\"VER M\u00c1S\"    >VER M\u00c1S<\/span><div id=\"target-id69e53707065bc\" class=\"collapseomatic_content \"><\/p><p style=\"text-align: center;\"><span style=\"color: #bbb3b3; font-family: Roboto, sans-serif; letter-spacing: -0.1px; text-align: center;\">Adaptaremos el servicio a tus necesidades.\u00a0<\/span><\/p><h6><\/div><\/h6>\t\t\t\t\t\t<\/div>\n\t\t\t\t<\/div>\n\t\t\t\t\t<\/div>\n\t\t<\/div>\n\t\t\t\t\t\t\t<\/div>\n\t\t<\/section>\n\t\t\t\t\t\t\t<\/div>\n\t\t","protected":false},"excerpt":{"rendered":"<p>HOME STAGING DECORACI\u00d3N VISUAL. ARQUITECT\u00d3NICA INTERIORISMO PROYECTO INTEGRAL A TU MEDIDA<\/p>\n","protected":false},"author":1,"featured_media":0,"parent":0,"menu_order":0,"comment_status":"closed","ping_status":"closed","template":"","meta":{"footnotes":""},"_links":{"self":[{"href":"https:\/\/jessicacrespointeriorismo.com\/index.php\/wp-json\/wp\/v2\/pages\/50"}],"collection":[{"href":"https:\/\/jessicacrespointeriorismo.com\/index.php\/wp-json\/wp\/v2\/pages"}],"about":[{"href":"https:\/\/jessicacrespointeriorismo.com\/index.php\/wp-json\/wp\/v2\/types\/page"}],"author":[{"embeddable":true,"href":"https:\/\/jessicacrespointeriorismo.com\/index.php\/wp-json\/wp\/v2\/users\/1"}],"replies":[{"embeddable":true,"href":"https:\/\/jessicacrespointeriorismo.com\/index.php\/wp-json\/wp\/v2\/comments?post=50"}],"version-history":[{"count":158,"href":"https:\/\/jessicacrespointeriorismo.com\/index.php\/wp-json\/wp\/v2\/pages\/50\/revisions"}],"predecessor-version":[{"id":567,"href":"https:\/\/jessicacrespointeriorismo.com\/index.php\/wp-json\/wp\/v2\/pages\/50\/revisions\/567"}],"wp:attachment":[{"href":"https:\/\/jessicacrespointeriorismo.com\/index.php\/wp-json\/wp\/v2\/media?parent=50"}],"curies":[{"name":"wp","href":"https:\/\/api.w.org\/{rel}","templated":true}]}}