{"id":303,"date":"2022-12-20T13:13:56","date_gmt":"2022-12-20T13:13:56","guid":{"rendered":"https:\/\/jessicacrespointeriorismo.com\/?page_id=303"},"modified":"2023-03-13T14:23:37","modified_gmt":"2023-03-13T14:23:37","slug":"sobre-mi","status":"publish","type":"page","link":"https:\/\/jessicacrespointeriorismo.com\/index.php\/sobre-mi\/","title":{"rendered":"SOBRE M\u00cd"},"content":{"rendered":"\t\t<div data-elementor-type=\"wp-page\" data-elementor-id=\"303\" class=\"elementor elementor-303\">\n\t\t\t\t\t\t\t\t\t<section class=\"elementor-section elementor-top-section elementor-element elementor-element-c033755 elementor-section-boxed elementor-section-height-default elementor-section-height-default\" data-id=\"c033755\" data-element_type=\"section\">\n\t\t\t\t\t\t\t<div class=\"elementor-background-overlay\"><\/div>\n\t\t\t\t\t\t\t<div class=\"elementor-container elementor-column-gap-default\">\n\t\t\t\t\t<div class=\"elementor-column elementor-col-33 elementor-top-column elementor-element elementor-element-12ed0cc\" data-id=\"12ed0cc\" data-element_type=\"column\">\n\t\t\t<div class=\"elementor-widget-wrap elementor-element-populated\">\n\t\t\t\t\t\t\t\t<div class=\"elementor-element elementor-element-7a97660 elementor-widget elementor-widget-image\" data-id=\"7a97660\" data-element_type=\"widget\" data-widget_type=\"image.default\">\n\t\t\t\t<div class=\"elementor-widget-container\">\n\t\t\t<style>\/*! elementor - v3.18.0 - 08-12-2023 *\/\n.elementor-widget-image{text-align:center}.elementor-widget-image a{display:inline-block}.elementor-widget-image a img[src$=\".svg\"]{width:48px}.elementor-widget-image img{vertical-align:middle;display:inline-block}<\/style>\t\t\t\t\t\t\t\t\t\t\t\t<img fetchpriority=\"high\" decoding=\"async\" width=\"500\" height=\"500\" src=\"https:\/\/jessicacrespointeriorismo.com\/wp-content\/uploads\/2022\/12\/MG_4289-copia-SDGSGS3-500x500.png\" class=\"attachment-elsie-500x500 size-elsie-500x500 wp-image-326\" alt=\"\" srcset=\"https:\/\/jessicacrespointeriorismo.com\/wp-content\/uploads\/2022\/12\/MG_4289-copia-SDGSGS3-500x500.png 500w, https:\/\/jessicacrespointeriorismo.com\/wp-content\/uploads\/2022\/12\/MG_4289-copia-SDGSGS3-300x300.png 300w, https:\/\/jessicacrespointeriorismo.com\/wp-content\/uploads\/2022\/12\/MG_4289-copia-SDGSGS3-1024x1024.png 1024w, https:\/\/jessicacrespointeriorismo.com\/wp-content\/uploads\/2022\/12\/MG_4289-copia-SDGSGS3-150x150.png 150w, https:\/\/jessicacrespointeriorismo.com\/wp-content\/uploads\/2022\/12\/MG_4289-copia-SDGSGS3-768x768.png 768w, https:\/\/jessicacrespointeriorismo.com\/wp-content\/uploads\/2022\/12\/MG_4289-copia-SDGSGS3-1536x1536.png 1536w, https:\/\/jessicacrespointeriorismo.com\/wp-content\/uploads\/2022\/12\/MG_4289-copia-SDGSGS3-900x900.png 900w, https:\/\/jessicacrespointeriorismo.com\/wp-content\/uploads\/2022\/12\/MG_4289-copia-SDGSGS3.png 1705w\" sizes=\"(max-width: 500px) 100vw, 500px\" \/>\t\t\t\t\t\t\t\t\t\t\t\t\t\t\t<\/div>\n\t\t\t\t<\/div>\n\t\t\t\t\t<\/div>\n\t\t<\/div>\n\t\t\t\t<div class=\"elementor-column elementor-col-66 elementor-top-column elementor-element elementor-element-248cc0f\" data-id=\"248cc0f\" data-element_type=\"column\">\n\t\t\t<div class=\"elementor-widget-wrap elementor-element-populated\">\n\t\t\t\t\t\t\t\t<div class=\"elementor-element elementor-element-501fb0f elementor-widget elementor-widget-heading\" data-id=\"501fb0f\" data-element_type=\"widget\" data-widget_type=\"heading.default\">\n\t\t\t\t<div class=\"elementor-widget-container\">\n\t\t\t<style>\/*! elementor - v3.18.0 - 08-12-2023 *\/\n.elementor-heading-title{padding:0;margin:0;line-height:1}.elementor-widget-heading .elementor-heading-title[class*=elementor-size-]>a{color:inherit;font-size:inherit;line-height:inherit}.elementor-widget-heading .elementor-heading-title.elementor-size-small{font-size:15px}.elementor-widget-heading .elementor-heading-title.elementor-size-medium{font-size:19px}.elementor-widget-heading .elementor-heading-title.elementor-size-large{font-size:29px}.elementor-widget-heading .elementor-heading-title.elementor-size-xl{font-size:39px}.elementor-widget-heading .elementor-heading-title.elementor-size-xxl{font-size:59px}<\/style><h2 class=\"elementor-heading-title elementor-size-default\">SOBRE M\u00cd<\/h2>\t\t<\/div>\n\t\t\t\t<\/div>\n\t\t\t\t<div class=\"elementor-element elementor-element-b2ba5a8 elementor-widget elementor-widget-heading\" data-id=\"b2ba5a8\" data-element_type=\"widget\" data-widget_type=\"heading.default\">\n\t\t\t\t<div class=\"elementor-widget-container\">\n\t\t\t<h2 class=\"elementor-heading-title elementor-size-default\">\u00bfQUI\u00c9N SOY?<\/h2>\t\t<\/div>\n\t\t\t\t<\/div>\n\t\t\t\t<div class=\"elementor-element elementor-element-4bc7938 elementor-widget elementor-widget-text-editor\" data-id=\"4bc7938\" data-element_type=\"widget\" data-widget_type=\"text-editor.default\">\n\t\t\t\t<div class=\"elementor-widget-container\">\n\t\t\t<style>\/*! elementor - v3.18.0 - 08-12-2023 *\/\n.elementor-widget-text-editor.elementor-drop-cap-view-stacked .elementor-drop-cap{background-color:#69727d;color:#fff}.elementor-widget-text-editor.elementor-drop-cap-view-framed .elementor-drop-cap{color:#69727d;border:3px solid;background-color:transparent}.elementor-widget-text-editor:not(.elementor-drop-cap-view-default) .elementor-drop-cap{margin-top:8px}.elementor-widget-text-editor:not(.elementor-drop-cap-view-default) .elementor-drop-cap-letter{width:1em;height:1em}.elementor-widget-text-editor .elementor-drop-cap{float:left;text-align:center;line-height:1;font-size:50px}.elementor-widget-text-editor .elementor-drop-cap-letter{display:inline-block}<\/style>\t\t\t\t<p style=\"margin: 0cm 0cm 22.5pt; background-image: initial; background-position: initial; background-size: initial; background-repeat: initial; background-attachment: initial; background-origin: initial; background-clip: initial;\"><span style=\"font-size: 11.5pt; font-family: Roboto;\">\u00a1Hola! Mi nombre es Jessica Crespo y soy dise\u00f1adora de interiores.<\/span><span style=\"font-size: 11.5pt; font-family: Roboto;\"><o:p><\/o:p><\/span><\/p>\n<p style=\"margin: 0cm 0cm 22.5pt; background-image: initial; background-position: initial; background-size: initial; background-repeat: initial; background-attachment: initial; background-origin: initial; background-clip: initial;\"><span style=\"color: var(--color-text);\"><span style=\"font-size: 11.5pt; font-family: Roboto;\">Busco la creaci\u00f3n de espacios \u00fanicos, donde la est\u00e9tica, la funcionalidad y la armon\u00eda&nbsp;son un todo en uno. Cada proyecto necesita una dedicaci\u00f3n exclusiva, que es lo que m\u00e1s me fascina de mi profesi\u00f3n. Soy perfeccionista para poder conseguir que cada espacio genere un ambiente c\u00e1lido y&nbsp;personal.<\/span><\/span><span style=\"font-size: 11.5pt; font-family: Roboto;\"><o:p><\/o:p><\/span><\/p>\n<p><\/p>\n<p style=\"margin: 0cm 0cm 22.5pt; background-image: initial; background-position: initial; background-size: initial; background-repeat: initial; background-attachment: initial; background-origin: initial; background-clip: initial;\"><span style=\"font-size: 11.5pt; font-family: Roboto;\">Cada cliente es diferente, por eso la atenci\u00f3n personalizada y el cuidado al detalle hacen que una estancia destaque. \u00bfC\u00f3mo? Generando espacios atemporales, con texturas, colores y piezas de dise\u00f1o singular siempre de la mano de alguien de confianza.<o:p><\/o:p><\/span><\/p>\t\t\t\t\t\t<\/div>\n\t\t\t\t<\/div>\n\t\t\t\t\t<\/div>\n\t\t<\/div>\n\t\t\t\t\t\t\t<\/div>\n\t\t<\/section>\n\t\t\t\t\t\t\t<\/div>\n\t\t","protected":false},"excerpt":{"rendered":"<p>SOBRE M\u00cd \u00bfQUI\u00c9N SOY? \u00a1Hola! Mi nombre es Jessica Crespo y soy dise\u00f1adora de interiores. Busco la creaci\u00f3n de espacios \u00fanicos, donde [&hellip;]<\/p>\n","protected":false},"author":1,"featured_media":0,"parent":0,"menu_order":0,"comment_status":"closed","ping_status":"closed","template":"","meta":{"footnotes":""},"_links":{"self":[{"href":"https:\/\/jessicacrespointeriorismo.com\/index.php\/wp-json\/wp\/v2\/pages\/303"}],"collection":[{"href":"https:\/\/jessicacrespointeriorismo.com\/index.php\/wp-json\/wp\/v2\/pages"}],"about":[{"href":"https:\/\/jessicacrespointeriorismo.com\/index.php\/wp-json\/wp\/v2\/types\/page"}],"author":[{"embeddable":true,"href":"https:\/\/jessicacrespointeriorismo.com\/index.php\/wp-json\/wp\/v2\/users\/1"}],"replies":[{"embeddable":true,"href":"https:\/\/jessicacrespointeriorismo.com\/index.php\/wp-json\/wp\/v2\/comments?post=303"}],"version-history":[{"count":62,"href":"https:\/\/jessicacrespointeriorismo.com\/index.php\/wp-json\/wp\/v2\/pages\/303\/revisions"}],"predecessor-version":[{"id":629,"href":"https:\/\/jessicacrespointeriorismo.com\/index.php\/wp-json\/wp\/v2\/pages\/303\/revisions\/629"}],"wp:attachment":[{"href":"https:\/\/jessicacrespointeriorismo.com\/index.php\/wp-json\/wp\/v2\/media?parent=303"}],"curies":[{"name":"wp","href":"https:\/\/api.w.org\/{rel}","templated":true}]}}